{"id":59,"date":"2024-03-14T19:03:49","date_gmt":"2024-03-14T22:03:49","guid":{"rendered":"https:\/\/ndzconsulting.com.br\/?page_id=59"},"modified":"2024-07-29T10:13:21","modified_gmt":"2024-07-29T13:13:21","slug":"brasil","status":"publish","type":"page","link":"https:\/\/ndzconsulting.com.br\/index.php\/brasil\/","title":{"rendered":"Brasil"},"content":{"rendered":"<p>[et_pb_section fb_built=&#8221;1&#8243; _builder_version=&#8221;4.24.2&#8243; _module_preset=&#8221;default&#8221; custom_padding=&#8221;5px||5px|||&#8221; global_colors_info=&#8221;{}&#8221;][et_pb_row column_structure=&#8221;3_5,2_5&#8243; _builder_version=&#8221;4.24.2&#8243; _module_preset=&#8221;default&#8221; global_colors_info=&#8221;{}&#8221;][et_pb_column type=&#8221;3_5&#8243; _builder_version=&#8221;4.24.2&#8243; _module_preset=&#8221;default&#8221; global_colors_info=&#8221;{}&#8221;][et_pb_post_title meta=&#8221;off&#8221; featured_image=&#8221;off&#8221; _builder_version=&#8221;4.25.1&#8243; _module_preset=&#8221;default&#8221; title_font=&#8221;|||on|||||&#8221; title_text_color=&#8221;#3B963B&#8221; custom_margin=&#8221;65px||||false|false&#8221; custom_margin_tablet=&#8221;0px||||false|false&#8221; custom_margin_phone=&#8221;0px||||false|false&#8221; custom_margin_last_edited=&#8221;on|tablet&#8221; global_colors_info=&#8221;{}&#8221;][\/et_pb_post_title][et_pb_text _builder_version=&#8221;4.24.2&#8243; _module_preset=&#8221;default&#8221; text_font=&#8221;|300|||||||&#8221; text_font_size=&#8221;20px&#8221; text_line_height=&#8221;1.4em&#8221; width=&#8221;80%&#8221; global_colors_info=&#8221;{}&#8221;]<\/p>\n<p>O Brasil se destaca como um dos melhores pa\u00edses para o desenvolvimento de investimentos e neg\u00f3cios que, por diversos motivos, atraem empreendedores de todo o mundo.<\/p>\n<p>[\/et_pb_text][et_pb_button button_url=&#8221;#intro&#8221; button_text=&#8221;Ver Mais&#8221; _builder_version=&#8221;4.25.1&#8243; _module_preset=&#8221;default&#8221; custom_button=&#8221;on&#8221; button_text_size=&#8221;18px&#8221; button_text_color=&#8221;#000000&#8243; button_border_width=&#8221;0px&#8221; button_border_radius=&#8221;0px&#8221; button_font=&#8221;||||||||&#8221; button_icon=&#8221;&#x22;||divi||400&#8243; button_icon_color=&#8221;#3B963B&#8221; button_icon_placement=&#8221;left&#8221; button_on_hover=&#8221;off&#8221; custom_margin=&#8221;55px|||||&#8221; global_colors_info=&#8221;{}&#8221;][\/et_pb_button][\/et_pb_column][et_pb_column type=&#8221;2_5&#8243; _builder_version=&#8221;4.24.2&#8243; _module_preset=&#8221;default&#8221; global_colors_info=&#8221;{}&#8221;][et_pb_image src=&#8221;http:\/\/ndzconsulting.com.br\/wp-content\/uploads\/2024\/07\/iStock-1497651707.jpg&#8221; title_text=&#8221;Brazil map silhouette with flag isolated on white background&#8221; _builder_version=&#8221;4.25.1&#8243; _module_preset=&#8221;default&#8221; global_colors_info=&#8221;{}&#8221;][\/et_pb_image][\/et_pb_column][\/et_pb_row][\/et_pb_section][et_pb_section fb_built=&#8221;1&#8243; module_id=&#8221;intro&#8221; _builder_version=&#8221;4.24.2&#8243; _module_preset=&#8221;default&#8221; background_enable_color=&#8221;off&#8221; use_background_color_gradient=&#8221;on&#8221; background_color_gradient_stops=&#8221;#eeeeee 0%|#ffffff 99%&#8221; custom_margin=&#8221;||30px||false|false&#8221; custom_padding=&#8221;||||false|false&#8221; global_colors_info=&#8221;{}&#8221;][et_pb_row column_structure=&#8221;3_5,2_5&#8243; _builder_version=&#8221;4.24.2&#8243; _module_preset=&#8221;default&#8221; custom_padding=&#8221;|0px|0px|||&#8221; global_colors_info=&#8221;{}&#8221;][et_pb_column type=&#8221;3_5&#8243; _builder_version=&#8221;4.24.2&#8243; _module_preset=&#8221;default&#8221; global_colors_info=&#8221;{}&#8221;][et_pb_blurb title=&#8221;Recursos Naturais&#8221; use_icon=&#8221;on&#8221; font_icon=&#8221;&#x5a;||divi||400&#8243; icon_placement=&#8221;left&#8221; _builder_version=&#8221;4.24.2&#8243; _module_preset=&#8221;default&#8221; header_font=&#8221;||||||||&#8221; body_font=&#8221;||||||||&#8221; min_height=&#8221;58.6px&#8221; custom_margin=&#8221;40px||30px||false|false&#8221; border_color_all_image=&#8221;#3B963B&#8221; global_colors_info=&#8221;{}&#8221;]<\/p>\n<p>Abund\u00e2ncia de terras agr\u00edcolas, recursos minerais e energ\u00e9ticos.<\/p>\n<p>[\/et_pb_blurb][et_pb_blurb title=&#8221;Econom\u00eda Diversificada&#8221; use_icon=&#8221;on&#8221; font_icon=&#8221;&#x5a;||divi||400&#8243; icon_placement=&#8221;left&#8221; _builder_version=&#8221;4.24.2&#8243; _module_preset=&#8221;default&#8221; custom_margin=&#8221;||26px|||&#8221; border_color_all_image=&#8221;#3B963B&#8221; global_colors_info=&#8221;{}&#8221;]<\/p>\n<p>V\u00e1rios sectores, reduzindo o risco associado \u00e0 depend\u00eancia de um mercado espec\u00edfico.<\/p>\n<p>[\/et_pb_blurb][et_pb_blurb title=&#8221;Amplio Mercado Interno&#8221; use_icon=&#8221;on&#8221; font_icon=&#8221;&#x5a;||divi||400&#8243; icon_placement=&#8221;left&#8221; _builder_version=&#8221;4.24.2&#8243; _module_preset=&#8221;default&#8221; min_height=&#8221;87.6px&#8221; custom_margin=&#8221;||25px||false|false&#8221; border_color_all_image=&#8221;#3B963B&#8221; global_colors_info=&#8221;{}&#8221;]<\/p>\n<p>Grande popula\u00e7\u00e3o e mercado interno, oferecendo oportunidades de grande alcance.<\/p>\n<p>[\/et_pb_blurb][\/et_pb_column][et_pb_column type=&#8221;2_5&#8243; _builder_version=&#8221;4.24.2&#8243; _module_preset=&#8221;default&#8221; global_colors_info=&#8221;{}&#8221;][et_pb_image src=&#8221;http:\/\/ndzconsulting.com.br\/wp-content\/uploads\/2024\/07\/Imagen-de-WhatsApp-2024-07-24-a-las-13.01.41_f15f9fa0.jpg&#8221; title_text=&#8221;Imagen de WhatsApp 2024-07-24 a las 13.01.41_f15f9fa0&#8243; _builder_version=&#8221;4.25.1&#8243; _module_preset=&#8221;default&#8221; width=&#8221;100%&#8221; max_width=&#8221;100%&#8221; global_colors_info=&#8221;{}&#8221;][\/et_pb_image][\/et_pb_column][\/et_pb_row][\/et_pb_section][et_pb_section fb_built=&#8221;1&#8243; _builder_version=&#8221;4.24.2&#8243; _module_preset=&#8221;default&#8221; background_color=&#8221;#FFFFFF&#8221; background_image=&#8221;http:\/\/ndzconsulting.com.br\/wp-content\/uploads\/2024\/03\/gray-square.jpg&#8221; background_size=&#8221;custom&#8221; background_image_width=&#8221;0%&#8221; background_image_height=&#8221;0%&#8221; background_position=&#8221;top_left&#8221; background_horizontal_offset=&#8221;0%&#8221; custom_padding=&#8221;41px||27px|||&#8221; global_colors_info=&#8221;{}&#8221;][et_pb_row column_structure=&#8221;2_5,3_5&#8243; _builder_version=&#8221;4.24.2&#8243; _module_preset=&#8221;default&#8221; global_colors_info=&#8221;{}&#8221;][et_pb_column type=&#8221;2_5&#8243; _builder_version=&#8221;4.24.2&#8243; _module_preset=&#8221;default&#8221; global_colors_info=&#8221;{}&#8221;][et_pb_image src=&#8221;http:\/\/ndzconsulting.com.br\/wp-content\/uploads\/2024\/03\/porque-02-1.png&#8221; title_text=&#8221;porque-02&#8243; _builder_version=&#8221;4.25.1&#8243; _module_preset=&#8221;default&#8221; width=&#8221;65%&#8221; module_alignment=&#8221;center&#8221; global_colors_info=&#8221;{}&#8221;][\/et_pb_image][\/et_pb_column][et_pb_column type=&#8221;3_5&#8243; _builder_version=&#8221;4.24.2&#8243; _module_preset=&#8221;default&#8221; global_colors_info=&#8221;{}&#8221;][et_pb_blurb title=&#8221;Incentivos governamentais:&#8221; use_icon=&#8221;on&#8221; font_icon=&#8221;&#x5a;||divi||400&#8243; icon_placement=&#8221;left&#8221; _builder_version=&#8221;4.24.2&#8243; _module_preset=&#8221;default&#8221; border_color_all_image=&#8221;#3B963B&#8221; global_colors_info=&#8221;{}&#8221;]<\/p>\n<p>Pol\u00edticas que incentivam o investimento estrangeiro, tais como redu\u00e7\u00f5es fiscais e subs\u00eddios.<\/p>\n<p>[\/et_pb_blurb][et_pb_blurb title=&#8221;Desenvolvimento Tecnol\u00f3gico:&#8221; use_icon=&#8221;on&#8221; font_icon=&#8221;&#x5a;||divi||400&#8243; icon_placement=&#8221;left&#8221; _builder_version=&#8221;4.24.2&#8243; _module_preset=&#8221;default&#8221; custom_margin=&#8221;||26px|||&#8221; border_color_all_image=&#8221;#3B963B&#8221; global_colors_info=&#8221;{}&#8221;]<\/p>\n<p><span style=\"font-weight: 400;\">Avan\u00e7os tecnol\u00f3gicos not\u00e1veis, especialmente em tecnologia de informa\u00e7\u00e3o e comunica\u00e7\u00e3o.<\/span><\/p>\n<p>[\/et_pb_blurb][et_pb_blurb title=&#8221;Potencial Agr\u00edcola e Pecu\u00e1rio:&#8221; use_icon=&#8221;on&#8221; font_icon=&#8221;&#x5a;||divi||400&#8243; icon_placement=&#8221;left&#8221; _builder_version=&#8221;4.24.2&#8243; _module_preset=&#8221;default&#8221; min_height=&#8221;87.6px&#8221; custom_margin=&#8221;||25px||false|false&#8221; border_color_all_image=&#8221;#3B963B&#8221; global_colors_info=&#8221;{}&#8221;]<\/p>\n<p><span style=\"font-weight: 400;\">Posi\u00e7\u00e3o destacada como exportador global agr\u00edcola e pecu\u00e1rio<\/span><\/p>\n<p>[\/et_pb_blurb][\/et_pb_column][\/et_pb_row][\/et_pb_section][et_pb_section fb_built=&#8221;1&#8243; _builder_version=&#8221;4.24.2&#8243; _module_preset=&#8221;default&#8221; custom_padding=&#8221;||108px|||&#8221; global_colors_info=&#8221;{}&#8221;][et_pb_row _builder_version=&#8221;4.24.2&#8243; _module_preset=&#8221;default&#8221; width=&#8221;70%&#8221; global_colors_info=&#8221;{}&#8221;][et_pb_column type=&#8221;4_4&#8243; _builder_version=&#8221;4.24.2&#8243; _module_preset=&#8221;default&#8221; global_colors_info=&#8221;{}&#8221;][et_pb_text _builder_version=&#8221;4.24.2&#8243; _module_preset=&#8221;default&#8221; text_font=&#8221;||||||||&#8221; text_text_color=&#8221;#3B963B&#8221; text_font_size=&#8221;22px&#8221; text_line_height=&#8221;1.6em&#8221; text_orientation=&#8221;center&#8221; global_colors_info=&#8221;{}&#8221;]Com aten\u00e7\u00e3o estrat\u00e9gica, os empreendedores podem aproveitar as oportunidades no Brasil, contribuindo para o dinamismo econ\u00f4mico. Envolve entender o mercado, adaptar-se proativamente e priorizar a responsabilidade social e ambiental.[\/et_pb_text][\/et_pb_column][\/et_pb_row][\/et_pb_section]<\/p>\n","protected":false},"excerpt":{"rendered":"<p>O Brasil se destaca como um dos melhores pa\u00edses para o desenvolvimento de investimentos e neg\u00f3cios que, por diversos motivos, atraem empreendedores de todo o mundo.Abund\u00e2ncia de terras agr\u00edcolas, recursos minerais e energ\u00e9ticos.V\u00e1rios sectores, reduzindo o risco associado \u00e0 depend\u00eancia de um mercado espec\u00edfico.Grande popula\u00e7\u00e3o e mercado interno, oferecendo oportunidades de grande alcance.Pol\u00edticas que incentivam [&hellip;]<\/p>\n","protected":false},"author":2,"featured_media":0,"parent":0,"menu_order":0,"comment_status":"closed","ping_status":"closed","template":"","meta":{"_et_pb_use_builder":"on","_et_pb_old_content":"","_et_gb_content_width":"","footnotes":""},"class_list":["post-59","page","type-page","status-publish","hentry"],"_links":{"self":[{"href":"https:\/\/ndzconsulting.com.br\/index.php\/wp-json\/wp\/v2\/pages\/59","targetHints":{"allow":["GET"]}}],"collection":[{"href":"https:\/\/ndzconsulting.com.br\/index.php\/wp-json\/wp\/v2\/pages"}],"about":[{"href":"https:\/\/ndzconsulting.com.br\/index.php\/wp-json\/wp\/v2\/types\/page"}],"author":[{"embeddable":true,"href":"https:\/\/ndzconsulting.com.br\/index.php\/wp-json\/wp\/v2\/users\/2"}],"replies":[{"embeddable":true,"href":"https:\/\/ndzconsulting.com.br\/index.php\/wp-json\/wp\/v2\/comments?post=59"}],"version-history":[{"count":26,"href":"https:\/\/ndzconsulting.com.br\/index.php\/wp-json\/wp\/v2\/pages\/59\/revisions"}],"predecessor-version":[{"id":909,"href":"https:\/\/ndzconsulting.com.br\/index.php\/wp-json\/wp\/v2\/pages\/59\/revisions\/909"}],"wp:attachment":[{"href":"https:\/\/ndzconsulting.com.br\/index.php\/wp-json\/wp\/v2\/media?parent=59"}],"curies":[{"name":"wp","href":"https:\/\/api.w.org\/{rel}","templated":true}]}}